{"id":76,"date":"2016-04-10T00:19:07","date_gmt":"2016-04-09T22:19:07","guid":{"rendered":"https:\/\/odl.deusto.es\/home-page\/"},"modified":"2019-07-08T12:14:03","modified_gmt":"2019-07-08T10:14:03","slug":"home-page","status":"publish","type":"page","link":"https:\/\/odl.deusto.es\/lt\/","title":{"rendered":"Home Page"},"content":{"rendered":"<div id=\"pl-76\"  class=\"panel-layout\" ><div id=\"pg-76-0\"  class=\"panel-grid panel-has-style\" ><div class=\"wide-grey panel-row-style panel-row-style-for-76-0\" ><div id=\"pgc-76-0-0\"  class=\"panel-grid-cell\" ><div id=\"panel-76-0-0-0\" class=\"so-panel widget widget_text panel-first-child\" data-index=\"0\" ><div class=\"panel-widget-style panel-widget-style-for-76-0-0-0\" >\t\t\t<div class=\"textwidget\">From 1st January 2020 the ODL project website will be available on the domain address: odl.deusto.es. Please save it on your Bookmarks.<\/div>\n\t\t<\/div><\/div><div id=\"panel-76-0-0-1\" class=\"so-panel widget widget_sow-button\" data-index=\"1\" ><div\n\t\t\t\n\t\t\tclass=\"so-widget-sow-button so-widget-sow-button-atom-857739567c6a-76\"\n\t\t\t\n\t\t><div class=\"ow-button-base ow-button-align-center\"\n>\n\t\t\t<a\n\t\t\t\t\thref=\"https:\/\/studio.moocspace.deusto.es\/\"\n\t\t\t\t\tclass=\"sowb-button ow-icon-placement-left ow-button-hover\" target=\"_blank\" rel=\"noopener noreferrer\" \t>\n\t\t<span>\n\t\t\t<span class=\"sow-icon-fontawesome sow-fas\" data-sow-icon=\"&#xf19d;\"\n\t\tstyle=\"\" \n\t\taria-hidden=\"true\"><\/span>\n\t\t\tCreate your microMOOC\t\t<\/span>\n\t\t\t<\/a>\n\t<\/div>\n<\/div><\/div><div id=\"panel-76-0-0-2\" class=\"so-panel widget widget_headline-widget panel-last-child\" data-index=\"2\" >\t\t<h1>Atrask atviras nuotolines STEM laboratorijas<\/h1>\n\t\t<div class=\"decoration\"><div class=\"decoration-inside\"><\/div><\/div>\n\t\t<h3>ODL (Atrask atviras nuotolines STEM laboratorijas) projektas sukuria mokytojams galimyb\u0119 ir pl\u0117toja j\u0173 kompetencijas naudoti ir kurti mikro-MOOC (masi\u0161kuosius atviruosius kursus internete) \u2013 inovatyv\u0173 b\u016bd\u0105 taikyti STEM (gamtos moksl\u0173, technologij\u0173, in\u017einerijos ir matematikos) laboratorijas. Projekto metu bus sukurta platforma, kurioje bus galima rasti mikro-MOOC veiklas, atviruosius \u0161vietimo i\u0161teklius, mokymosi scenarijus ir nuorodas \u012f nuotolines STEM laboratorijas. Mokyklose \u012f pamok\u0173 planus bus \u012ftrauktos mikro-MOOC veiklos, panaudojant nuotolines STEM laboratorijas, taip pat bus skleid\u017eiama \u0161i\u0173 veikl\u0173 id\u0117ja Europos S\u0105jungoje.<\/h3>\n\t\t<\/div><\/div><\/div><\/div><div id=\"pg-76-1\"  class=\"panel-grid panel-no-style\" ><div id=\"pgc-76-1-0\"  class=\"panel-grid-cell\" ><div id=\"panel-76-1-0-0\" class=\"so-panel widget widget_circleicon-widget panel-first-child panel-last-child\" data-index=\"3\" >\t\t<div class=\"circle-icon-box circle-icon-position-top circle-icon-hide-box circle-icon-size-medium \">\n\t\t\t\t\t\t\t<div class=\"circle-icon-wrapper\">\n\t\t\t\t\t\t\t\t\t\t<a href=\"https:\/\/odl.deusto.es\/news\/\" class=\"link-icon\" >\t\t\t\t\t<div class=\"circle-icon\" >\n\t\t\t\t\t\t\t\t\t\t\t\t\t<div\n\t\t\t\t\t\t\t\tclass=\"fa fa-newspaper-o\"\n\t\t\t\t\t\t\t\t\t\t\t\t\t\t\t><\/div>\n\t\t\t\t\t\t\t\t\t\t\t<\/div>\n\t\t\t\t\t<\/a>\t\t\t\t<\/div>\n\t\t\t\n\t\t\t\t\t\t\t<a\n\t\t\t\t\thref=\"https:\/\/odl.deusto.es\/news\/\"\n\t\t\t\t\tclass=\"link-title\" \t\t\t\t>\n\t\t\t\t\t\t\t\t\t\t<h4 >\n\t\t\t\t\tNaujienos\t\t\t\t<\/h4>\n\t\t\t\t\t\t\t\t\t\t<\/a>\n\t\t\t\n\t\t\t\t\t\t\t<p class=\"text\" >\n\t\t\t\tSu\u017einokite naujienas apie atviras nuotolines STEM laboratorijas bei projekto renginius.\t\t\t<\/p>\n\t\t\t\t\t\t\t\t\t\t<a\n\t\t\t\t\thref=\"https:\/\/odl.deusto.es\/news\/\"\n\t\t\t\t\tclass=\"more-button\"\n\t\t\t\t\t\t\t\t\t>\n\t\t\t\t\tSkaityti\t\t\t\t\t<i><\/i>\n\t\t\t\t<\/a>\n\t\t\t\t\t<\/div>\n\t\t<\/div><\/div><div id=\"pgc-76-1-1\"  class=\"panel-grid-cell\" ><div id=\"panel-76-1-1-0\" class=\"so-panel widget widget_circleicon-widget panel-first-child panel-last-child\" data-index=\"4\" >\t\t<div class=\"circle-icon-box circle-icon-position-top circle-icon-hide-box circle-icon-size-medium \">\n\t\t\t\t\t\t\t<div class=\"circle-icon-wrapper\">\n\t\t\t\t\t\t\t\t\t\t<a href=\"https:\/\/moocspace.deusto.es\/\" class=\"link-icon\" >\t\t\t\t\t<div class=\"circle-icon\" >\n\t\t\t\t\t\t\t\t\t\t\t\t\t<div\n\t\t\t\t\t\t\t\tclass=\"fa fa-laptop\"\n\t\t\t\t\t\t\t\t\t\t\t\t\t\t\t><\/div>\n\t\t\t\t\t\t\t\t\t\t\t<\/div>\n\t\t\t\t\t<\/a>\t\t\t\t<\/div>\n\t\t\t\n\t\t\t\t\t\t\t<a\n\t\t\t\t\thref=\"https:\/\/moocspace.deusto.es\/\"\n\t\t\t\t\tclass=\"link-title\" \t\t\t\t>\n\t\t\t\t\t\t\t\t\t\t<h4 >\n\t\t\t\t\tmMOOCs\t\t\t\t<\/h4>\n\t\t\t\t\t\t\t\t\t\t<\/a>\n\t\t\t\n\t\t\t\t\t\t\t<p class=\"text\" >\n\t\t\t\tProjekto metu sukurtas mikro-MOOC veiklas, atviruosius \u0161vietimo i\u0161teklius (A\u0160I), mokymosi scenarijus, pamok\u0173 planus rasite \u010dia.\t\t\t<\/p>\n\t\t\t\t\t\t\t\t\t\t<a\n\t\t\t\t\thref=\"https:\/\/moocspace.deusto.es\/\"\n\t\t\t\t\tclass=\"more-button\"\n\t\t\t\t\t\t\t\t\t>\n\t\t\t\t\tPer\u017ei\u016br\u0117ti\t\t\t\t\t<i><\/i>\n\t\t\t\t<\/a>\n\t\t\t\t\t<\/div>\n\t\t<\/div><\/div><div id=\"pgc-76-1-2\"  class=\"panel-grid-cell\" ><div id=\"panel-76-1-2-0\" class=\"so-panel widget widget_circleicon-widget panel-first-child panel-last-child\" data-index=\"5\" >\t\t<div class=\"circle-icon-box circle-icon-position-top circle-icon-hide-box circle-icon-size-medium \">\n\t\t\t\t\t\t\t<div class=\"circle-icon-wrapper\">\n\t\t\t\t\t\t\t\t\t\t<a href=\"https:\/\/odl.deusto.es\/downloads\/\" class=\"link-icon\" >\t\t\t\t\t<div class=\"circle-icon\" >\n\t\t\t\t\t\t\t\t\t\t\t\t\t<div\n\t\t\t\t\t\t\t\tclass=\"fa fa-download\"\n\t\t\t\t\t\t\t\t\t\t\t\t\t\t\t><\/div>\n\t\t\t\t\t\t\t\t\t\t\t<\/div>\n\t\t\t\t\t<\/a>\t\t\t\t<\/div>\n\t\t\t\n\t\t\t\t\t\t\t<a\n\t\t\t\t\thref=\"https:\/\/odl.deusto.es\/downloads\/\"\n\t\t\t\t\tclass=\"link-title\" \t\t\t\t>\n\t\t\t\t\t\t\t\t\t\t<h4 >\n\t\t\t\t\tAtsisiuntimai\t\t\t\t<\/h4>\n\t\t\t\t\t\t\t\t\t\t<\/a>\n\t\t\t\n\t\t\t\t\t\t\t<p class=\"text\" >\n\t\t\t\tODL projekto dokumentus bei kitus naudingus resursus galite rasti \u010dia.\t\t\t<\/p>\n\t\t\t\t\t\t\t\t\t\t<a\n\t\t\t\t\thref=\"https:\/\/odl.deusto.es\/downloads\/\"\n\t\t\t\t\tclass=\"more-button\"\n\t\t\t\t\t\t\t\t\t>\n\t\t\t\t\tPer\u017ei\u016br\u0117ti\t\t\t\t\t<i><\/i>\n\t\t\t\t<\/a>\n\t\t\t\t\t<\/div>\n\t\t<\/div><\/div><\/div><\/div>","protected":false},"excerpt":{"rendered":"<p>From 1st January 2020 the ODL project website will be available on the domain address: odl.deusto.es. Please save it on your Bookmarks.<\/p>\n","protected":false},"author":3,"featured_media":0,"parent":0,"menu_order":0,"comment_status":"closed","ping_status":"closed","template":"home-panels.php","meta":{"_monsterinsights_skip_tracking":false,"_monsterinsights_sitenote_active":false,"_monsterinsights_sitenote_note":"","_monsterinsights_sitenote_category":0,"footnotes":""},"class_list":["post-76","page","type-page","status-publish","hentry","post"],"_links":{"self":[{"href":"https:\/\/odl.deusto.es\/lt\/wp-json\/wp\/v2\/pages\/76","targetHints":{"allow":["GET"]}}],"collection":[{"href":"https:\/\/odl.deusto.es\/lt\/wp-json\/wp\/v2\/pages"}],"about":[{"href":"https:\/\/odl.deusto.es\/lt\/wp-json\/wp\/v2\/types\/page"}],"author":[{"embeddable":true,"href":"https:\/\/odl.deusto.es\/lt\/wp-json\/wp\/v2\/users\/3"}],"replies":[{"embeddable":true,"href":"https:\/\/odl.deusto.es\/lt\/wp-json\/wp\/v2\/comments?post=76"}],"version-history":[{"count":14,"href":"https:\/\/odl.deusto.es\/lt\/wp-json\/wp\/v2\/pages\/76\/revisions"}],"predecessor-version":[{"id":208,"href":"https:\/\/odl.deusto.es\/lt\/wp-json\/wp\/v2\/pages\/76\/revisions\/208"}],"wp:attachment":[{"href":"https:\/\/odl.deusto.es\/lt\/wp-json\/wp\/v2\/media?parent=76"}],"curies":[{"name":"wp","href":"https:\/\/api.w.org\/{rel}","templated":true}]}}