{"id":18,"date":"2016-04-08T01:58:01","date_gmt":"2016-04-07T23:58:01","guid":{"rendered":"https:\/\/odl.deusto.es\/?page_id=18"},"modified":"2018-08-26T22:25:18","modified_gmt":"2018-08-26T20:25:18","slug":"downloads","status":"publish","type":"page","link":"https:\/\/odl.deusto.es\/lt\/downloads\/","title":{"rendered":"Atsisiuntimai"},"content":{"rendered":"<p><\/p>\n<h5><span style=\"text-decoration: underline;\"><span style=\"color: #ff9900; text-decoration: underline;\">ERASMUS+ LOGOTIPO NAUDOJIMO DOKUMENTAI:<\/span><\/span><\/h5>\n<p><a href=\"https:\/\/ec.europa.eu\/research\/pdf\/eu_emblem_rules_2012.pdf\" target=\"_blank\">Europos S\u0105jungos logotipo naudojimo gair\u0117s<\/a><br \/>\nERASMUS+ logotipas [<a href=\"https:\/\/odl.deusto.es\/wp-content\/uploads\/2016\/04\/ErasmusLogo-300x86.png\">PNG<\/a>]<\/p>\n<h5><span style=\"text-decoration: underline;\"><span style=\"color: #ff9900; text-decoration: underline;\">ODL PROJEKTO DOKUMENTAI:<\/span><\/span><\/h5>\n<p><a href=\"https:\/\/odl.deusto.es\/wp-content\/uploads\/2016\/04\/Template_ODL.pptx\" rel=\"\">ODL skaidri\u0173 \u0161ablonas<\/a><br \/>\n<a href=\"https:\/\/odl.deusto.es\/wp-content\/uploads\/2018\/08\/ODL_Document_Template_New.docx\" rel=\"\">ODL ataskaitos \u0161ablonas<\/a><br \/>\nODL logotipas [<a href=\"https:\/\/odl.deusto.es\/wp-content\/uploads\/2016\/04\/ODLFinalLogo_Icon.png\">Icon<\/a>], [<a href=\"https:\/\/odl.deusto.es\/wp-content\/uploads\/2016\/04\/ODLFinalLogo_Outlines-300x232.png\">Logo Outlines bottom<\/a>], [<a href=\"https:\/\/odl.deusto.es\/wp-content\/uploads\/2016\/04\/ODLFinalLogo-300x102.png\">Logo Outlines right<\/a>]<br \/>\nODL bukletas [<a href=\"https:\/\/odl.deusto.es\/wp-content\/uploads\/2018\/08\/ODLabFinal_EnglishFundacion.pdf\" rel=\"\">EN<\/a>],[<a href=\"https:\/\/odl.deusto.es\/wp-content\/uploads\/2018\/08\/ODLabFinal_EstonianFundacion.pdf\" rel=\"\">EE<\/a>],[<a href=\"https:\/\/odl.deusto.es\/wp-content\/uploads\/2018\/08\/ODLabFinal_SpanishFundacion.pdf\" rel=\"\">ES<\/a>],[<a href=\"https:\/\/odl.deusto.es\/wp-content\/uploads\/2018\/08\/ODLabFinal_BasqueFundacion.pdf\" rel=\"\">EUS<\/a>],[<a href=\"https:\/\/odl.deusto.es\/wp-content\/uploads\/2018\/08\/ODLabFinal_ItalianFundacion.pdf\" rel=\"\">IT<\/a>],[<a href=\"https:\/\/odl.deusto.es\/wp-content\/uploads\/2018\/08\/ODLabFinal_GreekFundacion.pdf\" rel=\"\">GR<\/a>],[<a href=\"https:\/\/odl.deusto.es\/wp-content\/uploads\/2018\/08\/ODLabFinal_LithuanianFundacion.pdf\" rel=\"\">LT<\/a>]<br \/>\n<a href=\"https:\/\/odl.deusto.es\/wp-content\/uploads\/2016\/04\/ODLabRollup_Final.pdf\" rel=\"\">ODL plakatas<\/a><\/p>","protected":false},"excerpt":{"rendered":"<p>ERASMUS+ LOGOTIPO NAUDOJIMO DOKUMENTAI: Europos S\u0105jungos logotipo naudojimo gair\u0117s ERASMUS+ logotipas [PNG] ODL PROJEKTO DOKUMENTAI: ODL skaidri\u0173 \u0161ablonas ODL ataskaitos \u0161ablonas ODL logotipas [Icon], [Logo Outlines bottom], [Logo Outlines right] ODL bukletas [EN],[EE],[ES],[EUS],[IT],[GR],[LT] ODL plakatas<\/p>\n","protected":false},"author":3,"featured_media":0,"parent":0,"menu_order":0,"comment_status":"closed","ping_status":"closed","template":"templates\/template-full.php","meta":{"_monsterinsights_skip_tracking":false,"_monsterinsights_sitenote_active":false,"_monsterinsights_sitenote_note":"","_monsterinsights_sitenote_category":0,"footnotes":""},"class_list":["post-18","page","type-page","status-publish","hentry","post"],"_links":{"self":[{"href":"https:\/\/odl.deusto.es\/lt\/wp-json\/wp\/v2\/pages\/18","targetHints":{"allow":["GET"]}}],"collection":[{"href":"https:\/\/odl.deusto.es\/lt\/wp-json\/wp\/v2\/pages"}],"about":[{"href":"https:\/\/odl.deusto.es\/lt\/wp-json\/wp\/v2\/types\/page"}],"author":[{"embeddable":true,"href":"https:\/\/odl.deusto.es\/lt\/wp-json\/wp\/v2\/users\/3"}],"replies":[{"embeddable":true,"href":"https:\/\/odl.deusto.es\/lt\/wp-json\/wp\/v2\/comments?post=18"}],"version-history":[{"count":34,"href":"https:\/\/odl.deusto.es\/lt\/wp-json\/wp\/v2\/pages\/18\/revisions"}],"predecessor-version":[{"id":634,"href":"https:\/\/odl.deusto.es\/lt\/wp-json\/wp\/v2\/pages\/18\/revisions\/634"}],"wp:attachment":[{"href":"https:\/\/odl.deusto.es\/lt\/wp-json\/wp\/v2\/media?parent=18"}],"curies":[{"name":"wp","href":"https:\/\/api.w.org\/{rel}","templated":true}]}}