{"id":8,"date":"2016-04-08T01:47:48","date_gmt":"2016-04-07T23:47:48","guid":{"rendered":"https:\/\/odl.deusto.es\/?page_id=8"},"modified":"2016-07-13T16:39:10","modified_gmt":"2016-07-13T14:39:10","slug":"about-us","status":"publish","type":"page","link":"https:\/\/odl.deusto.es\/et\/about-us\/","title":{"rendered":"MEIST"},"content":{"rendered":"<p><\/p>\n<h5><span style=\"text-decoration: underline; color: #ff9900;\">MISSIOON:<\/span><\/h5>\n<p>ODL (Open Discovery of STEM Laboratories) projekt v\u00f5imaldab \u00f5petajatel \u00fcle Euroopa kasutada loodavaid mikro-MOOCe n\u00e4itlikustamaks, kuidas innovaatiliselt kasutada virtuaal- ja kauglaboreid STEM (teadus, tehnoloogia, inseneriained ja matemaatika) ainete \u00f5petamisel. Neid meetodeid igap\u00e4evases \u00f5ppet\u00f6\u00f6s rakendades tugevdab ODL projekt \u00f5petajaameti profiili.<\/p>\n<h5><span style=\"text-decoration: underline;\"><span style=\"color: #ff9900; text-decoration: underline;\">PROJEKTI EESM\u00c4RGID:<\/span><\/span><\/h5>\n<p><strong>1.\u00a0<\/strong>Luua keskkond MOOCide l\u00e4biviimiseks, mis sisaldab mikro-MOOCe, \u00f5pilugusid, avatud \u00f5ppematerjale (OER) ja virtuaal- ja kauglaboreid STEM ainetes.<br \/>\n<strong>2.<\/strong> Siduda STEM ainete mikro-MOOCid koolide \u00f5ppekavadega.<br \/>\n<strong>3.<\/strong> T\u00f5sta EL riikides teadlikkust loodavatest mikro-MOOCidest ja kaug- ja virtuaallaboritest.<\/p>\n<h5><span style=\"text-decoration: underline;\"><span style=\"color: #ff9900; text-decoration: underline;\">SIHTR\u00dcHM:<\/span><\/span><\/h5>\n<p><strong>STEM AINETE \u00d5PETAJAD<\/strong><\/p>\n<ul>\n<li>Digioskuste ja p\u00e4devuste parandamine, professionaalse arengu toetamine.<\/li>\n<li>Juhised ja abimaterjalid STEM laborite rakendamiseks klassiruumis ning MOOC p\u00f5him\u00f5tete sidumine koolikeskkonnaga.<\/li>\n<li>Teadmised ja arusaam mikro-MOOCide kasutamisest.<\/li>\n<li>Kogemus rahvusvahelises koost\u00f6\u00f6s.<\/li>\n<li>Ligip\u00e4\u00e4s loomingulistele ja huvitavatele \u00f5ppematerjalidele kohalikus keeles.<\/li>\n<li>Ligip\u00e4\u00e4s p\u00f5hjalikele vahenditele \u00f5ppijate tulemuste hindamiseks.<\/li>\n<\/ul>\n<p><strong>\u00d5PETAJAKS \u00d5PPIJAD<\/strong><\/p>\n<ul>\n<li>Loominguliste tundide kavandamisel vajalikud innovaatilise metoodika (MOOC) ning vahendite (STEM laborid) rakendamise p\u00e4devused.<\/li>\n<li>V\u00f5imalus kaasata \u00f5petamisel rahvusvahelisi komponente.<\/li>\n<li>Ligip\u00e4\u00e4s avatud \u00f5ppematerjalidele kohalikus keeles.<\/li>\n<\/ul>\n<p><strong> KOOLI\u00d5PILASED (12-18 aastat)<\/strong><\/p>\n<ul>\n<li>Kasutamiseks klassiruumis \u00f5petaja otsesel juhendamisel.<\/li>\n<li>Kasutamiseks koduses \u00f5ppes v\u00f5i haigena \u00f5petaja\/vanema toel.<\/li>\n<li>Huvi kasv STEM ainete \u00f5ppimise vastu.<\/li>\n<li>Spetsiifiliste tehnoloogiliste (STEM) ja digitaalsete (IKT) p\u00e4devuste ja baasoskuste arendamine.<\/li>\n<li>V\u00f5ime STEM laborite abil lahendada elulisi probleeme.<\/li>\n<\/ul>\n<p><strong>HUVITATUD OSAPOOLED<\/strong><\/p>\n<ul>\n<li>Haridustehnoloogid ja \u00f5ppekavaarendajad, kohaliku ja riikliku tasandi haridusosakondade otsustajad, kutse\u00f5ppeasutuste \u00f5petajad.<\/li>\n<li>Unikaalne ja innovaatiline MOOC metoodika koolis kasutamiseks, mida t\u00e4iendavad veebip\u00f5hised laborid, mis parandavad \u00f5ppijate tulemusi ning laiendavad hariduspraktikaid ning \u2013tehnikaid.<\/li>\n<\/ul>\n<p><\/p>","protected":false},"excerpt":{"rendered":"<p>MISSIOON: ODL (Open Discovery of STEM Laboratories) projekt v\u00f5imaldab \u00f5petajatel \u00fcle Euroopa kasutada loodavaid mikro-MOOCe n\u00e4itlikustamaks, kuidas innovaatiliselt kasutada virtuaal- ja kauglaboreid STEM (teadus, tehnoloogia, inseneriained ja matemaatika) ainete \u00f5petamisel. Neid meetodeid igap\u00e4evases \u00f5ppet\u00f6\u00f6s rakendades tugevdab ODL projekt \u00f5petajaameti profiili. PROJEKTI EESM\u00c4RGID: 1.\u00a0Luua keskkond MOOCide l\u00e4biviimiseks, mis sisaldab mikro-MOOCe, \u00f5pilugusid, avatud \u00f5ppematerjale (OER) ja virtuaal- [&hellip;]<\/p>\n","protected":false},"author":3,"featured_media":0,"parent":0,"menu_order":0,"comment_status":"closed","ping_status":"closed","template":"templates\/template-full.php","meta":{"_monsterinsights_skip_tracking":false,"_monsterinsights_sitenote_active":false,"_monsterinsights_sitenote_note":"","_monsterinsights_sitenote_category":0,"footnotes":""},"class_list":["post-8","page","type-page","status-publish","hentry","post"],"_links":{"self":[{"href":"https:\/\/odl.deusto.es\/et\/wp-json\/wp\/v2\/pages\/8","targetHints":{"allow":["GET"]}}],"collection":[{"href":"https:\/\/odl.deusto.es\/et\/wp-json\/wp\/v2\/pages"}],"about":[{"href":"https:\/\/odl.deusto.es\/et\/wp-json\/wp\/v2\/types\/page"}],"author":[{"embeddable":true,"href":"https:\/\/odl.deusto.es\/et\/wp-json\/wp\/v2\/users\/3"}],"replies":[{"embeddable":true,"href":"https:\/\/odl.deusto.es\/et\/wp-json\/wp\/v2\/comments?post=8"}],"version-history":[{"count":56,"href":"https:\/\/odl.deusto.es\/et\/wp-json\/wp\/v2\/pages\/8\/revisions"}],"predecessor-version":[{"id":236,"href":"https:\/\/odl.deusto.es\/et\/wp-json\/wp\/v2\/pages\/8\/revisions\/236"}],"wp:attachment":[{"href":"https:\/\/odl.deusto.es\/et\/wp-json\/wp\/v2\/media?parent=8"}],"curies":[{"name":"wp","href":"https:\/\/api.w.org\/{rel}","templated":true}]}}