{"id":8,"date":"2016-04-08T01:47:48","date_gmt":"2016-04-07T23:47:48","guid":{"rendered":"https:\/\/odl.deusto.es\/?page_id=8"},"modified":"2016-07-13T16:39:10","modified_gmt":"2016-07-13T14:39:10","slug":"about-us","status":"publish","type":"page","link":"https:\/\/odl.deusto.es\/es\/about-us\/","title":{"rendered":"Sobre Nosotros"},"content":{"rendered":"<p><\/p>\n<h5><span style=\"text-decoration: underline; color: #ff9900;\">MISI\u00d3N:<\/span><\/h5>\n<p>El proyecto Open Discovery of STEM Laboratories tiene como objetivo proveer a profesores de escuelas europeas del uso de micro-MOOC (Massive Open Online Content) \u2013 un innovativo enfoque de la implementaci\u00f3n de los laboratorios STEM (Science, Technology, Engineering and Mathematics).<\/p>\n<p>Aplicando \u00e9stos a las pr\u00e1cticas de ense\u00f1anza cotidianas, ODLab pretende fortalecer el perfil del educador.<\/p>\n<h5><span style=\"text-decoration: underline;\"><span style=\"color: #ff9900; text-decoration: underline;\">OBJETIVOS DEL PROYECTO:<\/span><\/span><\/h5>\n<p><strong>1.<\/strong> Establecer una plataforma MOOC compuesta de una colecci\u00f3n de micro-MOOCs, escenarios de aprendizaje, recursos educativos abiertos y laboratorios STEM.<br \/>\n<strong>2.<\/strong> Integrar micro-MOOCs STEM en programas escolares.<br \/>\n<strong>3.<\/strong> Difundir los micro-MOOCs con laboratorios STEM a un amplio rango de p\u00fablico europeo.<\/p>\n<h5><span style=\"text-decoration: underline;\"><span style=\"color: #ff9900; text-decoration: underline;\">P\u00daBLICO:<\/span><\/span><\/h5>\n<p><strong>PROFESORES DE ESCUELAS STEM<\/strong><\/p>\n<ul>\n<li>Mejora de las capacidades y de las competencias digitales mejorando el desempe\u00f1o profesional.<\/li>\n<li>Directrices e instrucciones para la implementaci\u00f3n de laboratorios STEM en la ense\u00f1anza clase e integraci\u00f3n del concepto MOOC en entornos escolares.<\/li>\n<li>Competencias y comprensi\u00f3n de la implementaci\u00f3n de micro-MOOC.<\/li>\n<li>Experiencia en trabajo colaborativo internacional.<\/li>\n<li>Acceso a OERs (Open Educational Resources, Recursos Educativos Abiertos) creativas y colaborativas en idiomas nacionales.<\/li>\n<li>Acceso a potentes m\u00e9todos de an\u00e1lisis para la evaluaci\u00f3n de los logros de los estudiantes.<\/li>\n<\/ul>\n<p><strong>PROFESORES EN PR\u00c1CTICAS<\/strong><\/p>\n<ul>\n<li>Competencias para el empleo de metodolog\u00edas innovativas (MOOC) e instrumentos (Laboratorios STEM) para el dise\u00f1o de lecciones creativas.<\/li>\n<li>La oportunidad de integrar componentes transnacionales a la ense\u00f1anza futura.<\/li>\n<li>Acceso a OERs en idiomas nacionales.<\/li>\n<\/ul>\n<p><strong> ESTUDIANTES DE COLEGIO (12-18 a\u00f1os)<\/strong><\/p>\n<ul>\n<li>Uso en clase bajo la tutela del profesor.<\/li>\n<li>Uso en educaci\u00f3n en casa o durante ausencia por enfermedad con apoyo del profesor o los padres.<\/li>\n<li>Incremento del inter\u00e9s en el estudio de materias STEM.<\/li>\n<li>Desarrollo de competencias cient\u00edficas, tecnol\u00f3gicas (STEM) y digitales (ICT) espec\u00edficas y habilidades b\u00e1sicas.<\/li>\n<li>Posibilidad de resolver problemas de la vida real trabajando con laboratorios STEM.<\/li>\n<\/ul>\n<p><strong>GRUPOS DE INTER\u00c9S RELEVANTES<\/strong><\/p>\n<ul>\n<li>Dise\u00f1adores de planes de estudios, responsables de departamentos educacionales a niveles local, regional y nacional, profesores en centros de FP.<\/li>\n<li>Metodolog\u00eda escolar MOOC \u00fanica e innovativa complementada con laboratorios online que mejoran el desempe\u00f1o de los estudiantes y mejora las pr\u00e1cticas y t\u00e9cnicas educativas.<\/li>\n<\/ul>\n<p><\/p>","protected":false},"excerpt":{"rendered":"<p>MISI\u00d3N: El proyecto Open Discovery of STEM Laboratories tiene como objetivo proveer a profesores de escuelas europeas del uso de micro-MOOC (Massive Open Online Content) \u2013 un innovativo enfoque de la implementaci\u00f3n de los laboratorios STEM (Science, Technology, Engineering and Mathematics). Aplicando \u00e9stos a las pr\u00e1cticas de ense\u00f1anza cotidianas, ODLab pretende fortalecer el perfil del [&hellip;]<\/p>\n","protected":false},"author":3,"featured_media":0,"parent":0,"menu_order":0,"comment_status":"closed","ping_status":"closed","template":"templates\/template-full.php","meta":{"_monsterinsights_skip_tracking":false,"_monsterinsights_sitenote_active":false,"_monsterinsights_sitenote_note":"","_monsterinsights_sitenote_category":0,"footnotes":""},"class_list":["post-8","page","type-page","status-publish","hentry","post"],"_links":{"self":[{"href":"https:\/\/odl.deusto.es\/es\/wp-json\/wp\/v2\/pages\/8","targetHints":{"allow":["GET"]}}],"collection":[{"href":"https:\/\/odl.deusto.es\/es\/wp-json\/wp\/v2\/pages"}],"about":[{"href":"https:\/\/odl.deusto.es\/es\/wp-json\/wp\/v2\/types\/page"}],"author":[{"embeddable":true,"href":"https:\/\/odl.deusto.es\/es\/wp-json\/wp\/v2\/users\/3"}],"replies":[{"embeddable":true,"href":"https:\/\/odl.deusto.es\/es\/wp-json\/wp\/v2\/comments?post=8"}],"version-history":[{"count":56,"href":"https:\/\/odl.deusto.es\/es\/wp-json\/wp\/v2\/pages\/8\/revisions"}],"predecessor-version":[{"id":236,"href":"https:\/\/odl.deusto.es\/es\/wp-json\/wp\/v2\/pages\/8\/revisions\/236"}],"wp:attachment":[{"href":"https:\/\/odl.deusto.es\/es\/wp-json\/wp\/v2\/media?parent=8"}],"curies":[{"name":"wp","href":"https:\/\/api.w.org\/{rel}","templated":true}]}}