{"id":21,"date":"2016-04-08T01:58:43","date_gmt":"2016-04-07T23:58:43","guid":{"rendered":"https:\/\/odl.deusto.es\/?page_id=21"},"modified":"2018-08-27T11:38:54","modified_gmt":"2018-08-27T09:38:54","slug":"results","status":"publish","type":"page","link":"https:\/\/odl.deusto.es\/es\/results\/","title":{"rendered":"Resultados"},"content":{"rendered":"<div id=\"pl-21\"  class=\"panel-layout\" ><div id=\"pg-21-0\"  class=\"panel-grid panel-no-style\" ><div id=\"pgc-21-0-0\"  class=\"panel-grid-cell\" ><div id=\"panel-21-0-0-0\" class=\"so-panel widget widget_sow-editor panel-first-child\" data-index=\"0\" ><div\n\t\t\t\n\t\t\tclass=\"so-widget-sow-editor so-widget-sow-editor-base\"\n\t\t\t\n\t\t>\n<div class=\"siteorigin-widget-tinymce textwidget\">\n\t<p><a href=\"https:\/\/moocspace.deusto.es\/\" rel=\"_blank\"><strong>micro-MOOC CATALOGUE<\/strong><\/a><\/p>\n<p><a href=\"https:\/\/studio.moocspace.deusto.es\/signin\" rel=\"_blank\"> <strong>ODL MOOC SPACE<\/strong><\/a><\/p>\n<p>ODL_DISSEMINATION PLAN [<a href=\"https:\/\/odl.deusto.es\/wp-content\/uploads\/2016\/04\/ODL_DisseminationPlan.pdf\" rel=\"\">PDF<\/a>]<\/p>\n<p>ODL Sustainability Plan [<a href=\"https:\/\/odl.deusto.es\/wp-content\/uploads\/2016\/04\/ODL_Sustain_Plan.pdf\" rel=\"\">PDF<\/a>]<\/p>\n<p>ODL_QUALITY ASSURANCE STRATEGY AND MONITORING REPORT [<a href=\"https:\/\/odl.deusto.es\/wp-content\/uploads\/2016\/04\/ODL_Quality_assurance-strategy-and-monitoring_FINAL-report.pdf\" rel=\"\">PDF<\/a>]<\/p>\n<p>ODL SCENARIOS GUIDELINE <a href=\"https:\/\/odl.deusto.es\/wp-content\/uploads\/2016\/04\/ODL_scenarios_intsructions_en.pdf\" rel=\"\">in English<\/a>, <a href=\"https:\/\/odl.deusto.es\/wp-content\/uploads\/2016\/04\/ODL_scenarios_instructions_gr.pdf\" rel=\"\">in Greek<\/a><\/p>\n<p>ODL microMOOC UPLOAD INSTRUCTION <a href=\"https:\/\/odl.deusto.es\/wp-content\/uploads\/2016\/04\/HowUploadODL-MOOC_en.pdf\" rel=\"\"> in ENGLISH<\/a>, <a href=\"https:\/\/odl.deusto.es\/wp-content\/uploads\/2016\/04\/How-to-upload-an-ODL-MOOC_es.pdf\" rel=\"\">in SPANISH<\/a>, <a href=\"https:\/\/odl.deusto.es\/wp-content\/uploads\/2016\/04\/How-to-upload-an-ODL-MOOC_gr.pdf\" rel=\"\"> in GREEK<\/a><\/p>\n<p>ODL micro-MOOC Quality_Evaluation <a href=\"https:\/\/odl.deusto.es\/wp-content\/uploads\/2016\/04\/ODL_mMOOC_Quality_Evaluation_Final-1.pdf\" rel=\"\">[PDF]<\/a><\/p>\n<p><a href=\"https:\/\/odl.deusto.es\/wp-content\/uploads\/2016\/04\/explicaci\u00f3n_herramientas_min.pdf\" rel=\"\">Dise\u00f1o de videos con POWTOON (Developing video with POWTOON)<\/a><\/p>\n<p><a href=\"https:\/\/odl.deusto.es\/wp-content\/uploads\/2016\/04\/Creating-Moocs-in-the-classroom.jpg\" rel=\"\"> Invitation to the event<\/a><\/p>\n<p>CONFERENCE POSTER [<a href=\"https:\/\/odl.deusto.es\/wp-content\/uploads\/2018\/03\/Conference-Business-Poster_PDF_2ITLogos.jpg\">jpeg<\/a>]<\/p>\n<p>INVITATION for Multiplier Event (example)<a href=\"https:\/\/odl.deusto.es\/wp-content\/uploads\/2016\/04\/INVITATION_FINAL_01.pdf\" rel=\"\">[PDF]<\/a><\/p>\n<p><strong>Papers&amp;Slides:<\/strong><\/p>\n<p><a href=\"https:\/\/odl.deusto.es\/wp-content\/uploads\/2016\/04\/GIREP_2016_ODL_paper.pdf\" rel=\"\">The first year of the open discovery of STEM laboratories (GIREP 2016)<\/a><\/p>\n<p><a href=\"https:\/\/odl.deusto.es\/wp-content\/uploads\/2016\/04\/MOOC_school_environment_CR_03032017.pdf\" rel=\"\">MOOC in a school environment: ODL project<\/a><\/p>\n<p><a href=\"https:\/\/odl.deusto.es\/wp-content\/uploads\/2016\/04\/expat17_RLab_MOOC_CR.pdf\" rel=\"\">Application of remote experiments in a secondary school using MOOC approach<\/a><\/p>\n<p><a href=\"https:\/\/odl.deusto.es\/wp-content\/uploads\/2016\/04\/GIREP18_abstract_PersanoAdorno_2.pdf\" rel=\"\">MOOC Methodology in School Context (GIREP 2018)<\/a><\/p>\n<p><a href=\"https:\/\/odl.deusto.es\/wp-content\/uploads\/2016\/04\/MOOC_expAT_presentation.pdf\" rel=\"\">MOOC_expAT2017_presentation<\/a><\/p>\n<p><a href=\"https:\/\/odl.deusto.es\/wp-content\/uploads\/2016\/04\/MOOC_presentation_REV2017.pdf\" rel=\"\">MOOC_presentation_REV2017<\/a><\/p>\n<p><strong>ODL TEACHER SUMMER SCHOOL, 17-22 jULY, 2017, SICILY<\/strong><\/p>\n<p><a href=\"https:\/\/odl-tss.jimdo.com\" target=\"_blank\">Teacher Summer School WEBSITE<\/a><\/p>\n<p><a href=\"https:\/\/odl.deusto.es\/wp-content\/uploads\/2018\/06\/ODL_Agenda_Final.pdf\" rel=\"\">Agenda of the Event<\/a><\/p>\n<p><a href=\"https:\/\/odl.deusto.es\/wp-content\/uploads\/2016\/04\/ODL_TSS-LearningActivity_helpfulInfo.pdf\" rel=\"\">Helpful Information <\/a><\/p>\n<p>Presentations:<\/p>\n<ul>\n<li><a href=\"https:\/\/odl.deusto.es\/wp-content\/uploads\/2016\/04\/Open-Professional-Collaboration-for-Innovation_OER.pdf\" rel=\"\">Open Education Resources - Open Professional Collaboration for Innovation<\/a><\/li>\n<li><a href=\"https:\/\/odl.deusto.es\/wp-content\/uploads\/2016\/04\/MOOC_concept.pdf\" rel=\"\">MOOC Concept<\/a><\/li>\n<li><a href=\"https:\/\/odl.deusto.es\/wp-content\/uploads\/2016\/04\/Using-MOOC-in-a-STEM-classroom.pdf\" rel=\"\">Using MOOC in a STEM classroom<\/a><\/li>\n<li><a href=\"https:\/\/odl.deusto.es\/wp-content\/uploads\/2016\/04\/IBSE-and-RRI_opt2.pdf\" rel=\"\">Inquiry Based Science Education &amp; Responsible Research and Innovation in the classroom<\/a><\/li>\n<li><a href=\"https:\/\/odl.deusto.es\/wp-content\/uploads\/2016\/04\/The-tangram-puzzle_EN_odl_min.pdf\" rel=\"\">The tangram puzzle - Interdisciplinary Learning<\/a><\/li>\n<\/ul>\n<p>Transform a \u00b5MOOC into an inquiry \u00b5MOOC, session 21 July 2017:<\/p>\n<ul>\n<li><a href=\"https:\/\/odl.deusto.es\/wp-content\/uploads\/2016\/04\/ODL_ScenariosWORKSHEET.pdf\" rel=\"\">ODL Scenarios WORKSHEET<\/a><\/li>\n<li><a href=\"https:\/\/odl.deusto.es\/wp-content\/uploads\/2016\/04\/List-of-possible-topics-for-Inquiry.pdf\" rel=\"\">List of possible TOPICS for Inquiry Session 21.07.2017<\/a><\/li>\n<li><a href=\"https:\/\/odl.deusto.es\/wp-content\/uploads\/2016\/04\/List-of-possible-Labs-for-Inquiry_Session21072017.pdf\" rel=\"\">List of possible LABS for Inquiry Session 21.07.2017<\/a><\/li>\n<\/ul>\n<p>EVALUATION<\/p>\n<ul>\n<li><a href=\"https:\/\/goo.gl\/forms\/p0lirguEVebvbq6j1\" target=\"_blank\">\u00b5MOOC presented<\/a><\/li>\n<li><a href=\"https:\/\/odl.deusto.es\/wp-content\/uploads\/2016\/04\/EvaluationResults_BESTTeam-microMOOC.pdf\" rel=\"\">Evaluation Results on the best micro-MOOC<\/a><\/li>\n<li><a href=\"https:\/\/odl.deusto.es\/wp-content\/uploads\/2016\/04\/Participants-_About_ODL_TSS-C1.pdf\" rel=\"\">Participants About ODL Teacher Summer School<\/a><\/li>\n<li><a href=\"https:\/\/odl.deusto.es\/wp-content\/uploads\/2016\/04\/ODL_TSS_C1_EvaluationStatistics.pdf\" rel=\"\">ODL Teacher Summer School Evaluation Statistics<\/a><\/li>\n<\/ul>\n<p><strong>DOWNLOAD MANUALS:<\/strong><\/p>\n<p>How to <strong>use<\/strong> a micro-MOOC: visual instruction for a <strong>student<\/strong> [<a href=\"https:\/\/goo.gl\/TMdwFA\" target=\"_blank\">English<\/a>]<br \/> How to <strong>design<\/strong> a micro-MOOC: visual instruction for a <strong>teacher<\/strong> [<a href=\"https:\/\/goo.gl\/ByCybK\" target=\"_blank\">English<\/a>]<\/p>\n<\/div>\n<\/div><\/div><div id=\"panel-21-0-0-1\" class=\"so-panel widget widget_text panel-last-child\" data-index=\"1\" ><div class=\"panel-widget-style panel-widget-style-for-21-0-0-1\" >\t\t\t<div class=\"textwidget\">El apoyo de la Comisi\u00f3n Europea para la elaboraci\u00f3n de esta publicaci\u00f3n no implica la aceptaci\u00f3n de sus contenidos, que es responsabilidad exclusiva de los autores. Por tanto, la Comisi\u00f3n no es responsable del uso que pueda hacerse de la informaci\u00f3n aqu\u00ed difundida<\/div>\n\t\t<\/div><\/div><\/div><\/div><\/div>","protected":false},"excerpt":{"rendered":"<p>micro-MOOC CATALOGUE ODL MOOC SPACEODL_DISSEMINATION PLAN [PDF]ODL Sustainability Plan [PDF]ODL_QUALITY ASSURANCE STRATEGY AND MONITORING REPORT [PDF]ODL SCENARIOS GUIDELINE in English, in GreekODL microMOOC UPLOAD INSTRUCTION in ENGLISH, in SPANISH, in GREEKODL micro-MOOC Quality_Evaluation [PDF]Dise\u00f1o de videos con POWTOON (Developing video with POWTOON) Invitation to the eventCONFERENCE POSTER [jpeg]INVITATION for Multiplier Event (example)[PDF]Papers&amp;Slides:The first year of [&hellip;]<\/p>\n","protected":false},"author":3,"featured_media":0,"parent":0,"menu_order":0,"comment_status":"closed","ping_status":"closed","template":"templates\/template-full.php","meta":{"_monsterinsights_skip_tracking":false,"_monsterinsights_sitenote_active":false,"_monsterinsights_sitenote_note":"","_monsterinsights_sitenote_category":0,"footnotes":""},"class_list":["post-21","page","type-page","status-publish","hentry","post"],"_links":{"self":[{"href":"https:\/\/odl.deusto.es\/es\/wp-json\/wp\/v2\/pages\/21","targetHints":{"allow":["GET"]}}],"collection":[{"href":"https:\/\/odl.deusto.es\/es\/wp-json\/wp\/v2\/pages"}],"about":[{"href":"https:\/\/odl.deusto.es\/es\/wp-json\/wp\/v2\/types\/page"}],"author":[{"embeddable":true,"href":"https:\/\/odl.deusto.es\/es\/wp-json\/wp\/v2\/users\/3"}],"replies":[{"embeddable":true,"href":"https:\/\/odl.deusto.es\/es\/wp-json\/wp\/v2\/comments?post=21"}],"version-history":[{"count":118,"href":"https:\/\/odl.deusto.es\/es\/wp-json\/wp\/v2\/pages\/21\/revisions"}],"predecessor-version":[{"id":641,"href":"https:\/\/odl.deusto.es\/es\/wp-json\/wp\/v2\/pages\/21\/revisions\/641"}],"wp:attachment":[{"href":"https:\/\/odl.deusto.es\/es\/wp-json\/wp\/v2\/media?parent=21"}],"curies":[{"name":"wp","href":"https:\/\/api.w.org\/{rel}","templated":true}]}}